{"id":363,"date":"2022-03-15T22:59:02","date_gmt":"2022-03-15T21:59:02","guid":{"rendered":"https:\/\/wellness4car.cz\/?page_id=363"},"modified":"2022-03-17T00:53:40","modified_gmt":"2022-03-16T23:53:40","slug":"kompletni-cisteni-interieru-aut","status":"publish","type":"page","link":"https:\/\/wellness4car.cz\/?page_id=363","title":{"rendered":"KOMPLETN\u00cd \u010cI\u0160T\u011aN\u00cd INTERI\u00c9R\u016e AUT"},"content":{"rendered":"","protected":false},"excerpt":{"rendered":"","protected":false},"author":1,"featured_media":0,"parent":0,"menu_order":0,"comment_status":"closed","ping_status":"closed","template":"","meta":[],"_links":{"self":[{"href":"https:\/\/wellness4car.cz\/index.php?rest_route=\/wp\/v2\/pages\/363"}],"collection":[{"href":"https:\/\/wellness4car.cz\/index.php?rest_route=\/wp\/v2\/pages"}],"about":[{"href":"https:\/\/wellness4car.cz\/index.php?rest_route=\/wp\/v2\/types\/page"}],"author":[{"embeddable":true,"href":"https:\/\/wellness4car.cz\/index.php?rest_route=\/wp\/v2\/users\/1"}],"replies":[{"embeddable":true,"href":"https:\/\/wellness4car.cz\/index.php?rest_route=%2Fwp%2Fv2%2Fcomments&post=363"}],"version-history":[{"count":2,"href":"https:\/\/wellness4car.cz\/index.php?rest_route=\/wp\/v2\/pages\/363\/revisions"}],"predecessor-version":[{"id":365,"href":"https:\/\/wellness4car.cz\/index.php?rest_route=\/wp\/v2\/pages\/363\/revisions\/365"}],"wp:attachment":[{"href":"https:\/\/wellness4car.cz\/index.php?rest_route=%2Fwp%2Fv2%2Fmedia&parent=363"}],"curies":[{"name":"wp","href":"https:\/\/api.w.org\/{rel}","templated":true}]}}